{"id":43,"date":"2025-11-06T18:53:17","date_gmt":"2025-11-06T21:53:17","guid":{"rendered":"https:\/\/beneficios.apcf.org.br\/?page_id=43"},"modified":"2025-11-06T19:06:40","modified_gmt":"2025-11-06T22:06:40","slug":"pagina-inicial","status":"publish","type":"page","link":"https:\/\/beneficios.apcf.org.br\/","title":{"rendered":"P\u00e1gina Inicial"},"content":{"rendered":"\t\t<div data-elementor-type=\"wp-page\" data-elementor-id=\"43\" class=\"elementor elementor-43\" data-elementor-post-type=\"page\">\n\t\t\t\t<div class=\"elementor-element elementor-element-dc4b9f7 e-flex e-con-boxed e-con e-parent\" data-id=\"dc4b9f7\" data-element_type=\"container\">\n\t\t\t\t\t<div class=\"e-con-inner\">\n\t\t\t\t<div class=\"elementor-element elementor-element-029bb45 elementor-widget elementor-widget-heading\" data-id=\"029bb45\" data-element_type=\"widget\" data-widget_type=\"heading.default\">\n\t\t\t\t\t<h2 class=\"elementor-heading-title elementor-size-default\">Benef\u00edcios APCF<\/h2>\t\t\t\t<\/div>\n\t\t\t\t\t<\/div>\n\t\t\t\t<\/div>\n\t\t<div class=\"elementor-element elementor-element-70d8d0b e-flex e-con-boxed e-con e-parent\" data-id=\"70d8d0b\" data-element_type=\"container\">\n\t\t\t\t\t<div class=\"e-con-inner\">\n\t\t<div class=\"elementor-element elementor-element-5e42053 e-con-full e-flex e-con e-child\" data-id=\"5e42053\" data-element_type=\"container\">\n\t\t\t\t<div class=\"elementor-element elementor-element-9025a9b elementor-grid-1 elementor-grid-tablet-2 elementor-grid-mobile-1 elementor-widget elementor-widget-loop-grid\" data-id=\"9025a9b\" data-element_type=\"widget\" data-settings=\"{&quot;template_id&quot;:&quot;22&quot;,&quot;columns&quot;:1,&quot;_skin&quot;:&quot;post&quot;,&quot;columns_tablet&quot;:&quot;2&quot;,&quot;columns_mobile&quot;:&quot;1&quot;,&quot;edit_handle_selector&quot;:&quot;[data-elementor-type=\\&quot;loop-item\\&quot;]&quot;,&quot;row_gap&quot;:{&quot;unit&quot;:&quot;px&quot;,&quot;size&quot;:&quot;&quot;,&quot;sizes&quot;:[]},&quot;row_gap_tablet&quot;:{&quot;unit&quot;:&quot;px&quot;,&quot;size&quot;:&quot;&quot;,&quot;sizes&quot;:[]},&quot;row_gap_mobile&quot;:{&quot;unit&quot;:&quot;px&quot;,&quot;size&quot;:&quot;&quot;,&quot;sizes&quot;:[]}}\" data-widget_type=\"loop-grid.post\">\n\t\t\t\t<div class=\"elementor-widget-container\">\n\t\t\t\t\t\t\t<div class=\"elementor-loop-container elementor-grid\" role=\"list\">\n\t\t<style id=\"loop-dynamic-22\">.e-loop-item-35 .elementor-element.elementor-element-6309fd0:not(.elementor-motion-effects-element-type-background), .e-loop-item-35 .elementor-element.elementor-element-6309fd0 > .elementor-motion-effects-container > .elementor-motion-effects-layer{background-image:url(\"https:\/\/beneficios.apcf.org.br\/wp-content\/uploads\/2025\/11\/7b5d16be-8ad5-4158-bf33-4b86c54dc4af.jpeg\");}<\/style><style id=\"loop-22\">.elementor-22 .elementor-element.elementor-element-6309fd0{--display:flex;--min-height:450px;--flex-direction:column;--container-widget-width:100%;--container-widget-height:initial;--container-widget-flex-grow:0;--container-widget-align-self:initial;--flex-wrap-mobile:wrap;--justify-content:flex-end;--overlay-opacity:0.75;--border-radius:0px 0px 0px 0px;}.elementor-22 .elementor-element.elementor-element-6309fd0::before, .elementor-22 .elementor-element.elementor-element-6309fd0 > .elementor-background-video-container::before, .elementor-22 .elementor-element.elementor-element-6309fd0 > .e-con-inner > .elementor-background-video-container::before, .elementor-22 .elementor-element.elementor-element-6309fd0 > .elementor-background-slideshow::before, .elementor-22 .elementor-element.elementor-element-6309fd0 > .e-con-inner > .elementor-background-slideshow::before, .elementor-22 .elementor-element.elementor-element-6309fd0 > .elementor-motion-effects-container > .elementor-motion-effects-layer::before{background-color:transparent;--background-overlay:'';background-image:linear-gradient(180deg, #00000000 37%, #000000 100%);}.elementor-22 .elementor-element.elementor-element-6309fd0:not(.elementor-motion-effects-element-type-background), .elementor-22 .elementor-element.elementor-element-6309fd0 > .elementor-motion-effects-container > .elementor-motion-effects-layer{background-position:top center;background-repeat:no-repeat;background-size:cover;}.elementor-22 .elementor-element.elementor-element-6309fd0::before{filter:brightness( 100% ) contrast( 100% ) saturate( 100% ) blur( 0px ) hue-rotate( 0deg );}.elementor-widget-theme-post-title .elementor-heading-title{font-family:var( --e-global-typography-primary-font-family ), Sans-serif;font-weight:var( --e-global-typography-primary-font-weight );color:var( --e-global-color-primary );}.elementor-22 .elementor-element.elementor-element-fb9cbb4{text-align:left;}.elementor-22 .elementor-element.elementor-element-fb9cbb4 .elementor-heading-title{font-family:\"Titillium Web\", Sans-serif;font-size:24px;font-weight:600;color:#FFFFFF;}@media(max-width:767px){.elementor-22 .elementor-element.elementor-element-6309fd0{--min-height:250px;}.elementor-22 .elementor-element.elementor-element-fb9cbb4 .elementor-heading-title{font-size:18px;}}<\/style>\t\t<div data-elementor-type=\"loop-item\" data-elementor-id=\"22\" class=\"elementor elementor-22 e-loop-item e-loop-item-35 post-35 post type-post status-publish format-standard has-post-thumbnail hentry category-sem-categoria\" data-elementor-post-type=\"elementor_library\" data-custom-edit-handle=\"1\">\n\t\t\t<a class=\"elementor-element elementor-element-6309fd0 e-flex e-con-boxed e-con e-parent\" data-id=\"6309fd0\" data-element_type=\"container\" data-settings=\"{&quot;background_background&quot;:&quot;classic&quot;,&quot;background_motion_fx_motion_fx_scrolling&quot;:&quot;yes&quot;,&quot;background_motion_fx_scale_effect&quot;:&quot;yes&quot;,&quot;background_motion_fx_scale_speed&quot;:{&quot;unit&quot;:&quot;px&quot;,&quot;size&quot;:2,&quot;sizes&quot;:[]},&quot;background_motion_fx_scale_direction&quot;:&quot;out-in&quot;,&quot;background_motion_fx_scale_range&quot;:{&quot;unit&quot;:&quot;%&quot;,&quot;size&quot;:&quot;&quot;,&quot;sizes&quot;:{&quot;start&quot;:20,&quot;end&quot;:80}},&quot;background_motion_fx_devices&quot;:[&quot;desktop&quot;,&quot;tablet&quot;,&quot;mobile&quot;]}\" href=\"https:\/\/beneficios.apcf.org.br\/index.php\/2025\/11\/06\/viva-rio-apoia-constitucionalizacao-da-policia-cientifica-e-envia-oficios-ao-mj-e-ao-relator-da-pec-da-seguranca\/\">\n\t\t\t\t\t<div class=\"e-con-inner\">\n\t\t\t\t<div class=\"elementor-element elementor-element-fb9cbb4 elementor-widget elementor-widget-theme-post-title elementor-page-title elementor-widget-heading\" data-id=\"fb9cbb4\" data-element_type=\"widget\" data-widget_type=\"theme-post-title.default\">\n\t\t\t\t\t<h1 class=\"elementor-heading-title elementor-size-default\">Viva Rio apoia constitucionaliza\u00e7\u00e3o da Pol\u00edcia Cient\u00edfica e envia of\u00edcios ao MJ e ao relator da PEC da Seguran\u00e7a<\/h1>\t\t\t\t<\/div>\n\t\t\t\t\t<\/div>\n\t\t\t\t<\/a>\n\t\t\t\t<\/div>\n\t\t\t\t<\/div>\n\t\t\n\t\t\t\t\t\t<\/div>\n\t\t\t\t<\/div>\n\t\t\t\t<\/div>\n\t\t<div class=\"elementor-element elementor-element-fd0edba e-con-full e-flex e-con e-child\" data-id=\"fd0edba\" data-element_type=\"container\">\n\t\t<div class=\"elementor-element elementor-element-968aa86 e-con-full e-flex e-con e-child\" data-id=\"968aa86\" data-element_type=\"container\">\n\t\t\t\t<div class=\"elementor-element elementor-element-4158c13 elementor-grid-1 elementor-grid-tablet-2 elementor-grid-mobile-1 elementor-widget elementor-widget-loop-grid\" data-id=\"4158c13\" data-element_type=\"widget\" data-settings=\"{&quot;template_id&quot;:&quot;38&quot;,&quot;columns&quot;:1,&quot;_skin&quot;:&quot;post&quot;,&quot;columns_tablet&quot;:&quot;2&quot;,&quot;columns_mobile&quot;:&quot;1&quot;,&quot;edit_handle_selector&quot;:&quot;[data-elementor-type=\\&quot;loop-item\\&quot;]&quot;,&quot;row_gap&quot;:{&quot;unit&quot;:&quot;px&quot;,&quot;size&quot;:&quot;&quot;,&quot;sizes&quot;:[]},&quot;row_gap_tablet&quot;:{&quot;unit&quot;:&quot;px&quot;,&quot;size&quot;:&quot;&quot;,&quot;sizes&quot;:[]},&quot;row_gap_mobile&quot;:{&quot;unit&quot;:&quot;px&quot;,&quot;size&quot;:&quot;&quot;,&quot;sizes&quot;:[]}}\" data-widget_type=\"loop-grid.post\">\n\t\t\t\t<div class=\"elementor-widget-container\">\n\t\t\t\t\t\t\t<div class=\"elementor-loop-container elementor-grid\" role=\"list\">\n\t\t<style id=\"loop-dynamic-38\">.e-loop-item-33 .elementor-element.elementor-element-5303a21:not(.elementor-motion-effects-element-type-background), .e-loop-item-33 .elementor-element.elementor-element-5303a21 > .elementor-motion-effects-container > .elementor-motion-effects-layer{background-image:url(\"https:\/\/beneficios.apcf.org.br\/wp-content\/uploads\/2025\/11\/visita-leila-barros-APCF-2048x1152-1.jpg\");}<\/style><style id=\"loop-38\">.elementor-38 .elementor-element.elementor-element-5303a21{--display:flex;--min-height:220px;--flex-direction:column;--container-widget-width:100%;--container-widget-height:initial;--container-widget-flex-grow:0;--container-widget-align-self:initial;--flex-wrap-mobile:wrap;--justify-content:flex-end;--overlay-opacity:0.5;--border-radius:0px 0px 0px 0px;}.elementor-38 .elementor-element.elementor-element-5303a21::before, .elementor-38 .elementor-element.elementor-element-5303a21 > .elementor-background-video-container::before, .elementor-38 .elementor-element.elementor-element-5303a21 > .e-con-inner > .elementor-background-video-container::before, .elementor-38 .elementor-element.elementor-element-5303a21 > .elementor-background-slideshow::before, .elementor-38 .elementor-element.elementor-element-5303a21 > .e-con-inner > .elementor-background-slideshow::before, .elementor-38 .elementor-element.elementor-element-5303a21 > .elementor-motion-effects-container > .elementor-motion-effects-layer::before{background-color:transparent;--background-overlay:'';background-image:linear-gradient(180deg, #00000000 0%, #000000 100%);}.elementor-38 .elementor-element.elementor-element-5303a21:not(.elementor-motion-effects-element-type-background), .elementor-38 .elementor-element.elementor-element-5303a21 > .elementor-motion-effects-container > .elementor-motion-effects-layer{background-position:top center;background-size:cover;}.elementor-widget-theme-post-title .elementor-heading-title{font-family:var( --e-global-typography-primary-font-family ), Sans-serif;font-weight:var( --e-global-typography-primary-font-weight );color:var( --e-global-color-primary );}.elementor-38 .elementor-element.elementor-element-484c4b6 .elementor-heading-title{font-family:\"Titillium Web\", Sans-serif;font-size:20px;font-weight:600;color:#FCFCFC;}@media(max-width:767px){.elementor-38 .elementor-element.elementor-element-5303a21{--min-height:200px;}.elementor-38 .elementor-element.elementor-element-484c4b6 .elementor-heading-title{font-size:16px;}}<\/style>\t\t<div data-elementor-type=\"loop-item\" data-elementor-id=\"38\" class=\"elementor elementor-38 e-loop-item e-loop-item-33 post-33 post type-post status-publish format-standard has-post-thumbnail hentry category-sem-categoria\" data-elementor-post-type=\"elementor_library\" data-custom-edit-handle=\"1\">\n\t\t\t<a class=\"elementor-element elementor-element-5303a21 e-flex e-con-boxed e-con e-parent\" data-id=\"5303a21\" data-element_type=\"container\" data-settings=\"{&quot;background_background&quot;:&quot;classic&quot;}\" href=\"https:\/\/beneficios.apcf.org.br\/index.php\/2025\/11\/06\/senadora-leila-barros-visita-a-sede-da-apcf-e-reforca-apoio-a-valorizacao-da-pericia-criminal-federal\/\">\n\t\t\t\t\t<div class=\"e-con-inner\">\n\t\t\t\t<div class=\"elementor-element elementor-element-484c4b6 elementor-widget elementor-widget-theme-post-title elementor-page-title elementor-widget-heading\" data-id=\"484c4b6\" data-element_type=\"widget\" data-widget_type=\"theme-post-title.default\">\n\t\t\t\t\t<h1 class=\"elementor-heading-title elementor-size-default\">Senadora Leila Barros visita a sede da APCF e refor\u00e7a apoio \u00e0 valoriza\u00e7\u00e3o da per\u00edcia criminal federal<\/h1>\t\t\t\t<\/div>\n\t\t\t\t\t<\/div>\n\t\t\t\t<\/a>\n\t\t\t\t<\/div>\n\t\t\t\t<\/div>\n\t\t\n\t\t\t\t\t\t<\/div>\n\t\t\t\t<\/div>\n\t\t\t\t<\/div>\n\t\t<div class=\"elementor-element elementor-element-933267f e-con-full e-flex e-con e-child\" data-id=\"933267f\" data-element_type=\"container\">\n\t\t\t\t<div class=\"elementor-element elementor-element-19d5d28 elementor-grid-1 elementor-grid-tablet-2 elementor-grid-mobile-1 elementor-widget elementor-widget-loop-grid\" data-id=\"19d5d28\" data-element_type=\"widget\" data-settings=\"{&quot;template_id&quot;:&quot;38&quot;,&quot;columns&quot;:1,&quot;_skin&quot;:&quot;post&quot;,&quot;columns_tablet&quot;:&quot;2&quot;,&quot;columns_mobile&quot;:&quot;1&quot;,&quot;edit_handle_selector&quot;:&quot;[data-elementor-type=\\&quot;loop-item\\&quot;]&quot;,&quot;row_gap&quot;:{&quot;unit&quot;:&quot;px&quot;,&quot;size&quot;:&quot;&quot;,&quot;sizes&quot;:[]},&quot;row_gap_tablet&quot;:{&quot;unit&quot;:&quot;px&quot;,&quot;size&quot;:&quot;&quot;,&quot;sizes&quot;:[]},&quot;row_gap_mobile&quot;:{&quot;unit&quot;:&quot;px&quot;,&quot;size&quot;:&quot;&quot;,&quot;sizes&quot;:[]}}\" data-widget_type=\"loop-grid.post\">\n\t\t\t\t<div class=\"elementor-widget-container\">\n\t\t\t\t\t\t\t<div class=\"elementor-loop-container elementor-grid\" role=\"list\">\n\t\t<style id=\"loop-dynamic-38\">.e-loop-item-27 .elementor-element.elementor-element-5303a21:not(.elementor-motion-effects-element-type-background), .e-loop-item-27 .elementor-element.elementor-element-5303a21 > .elementor-motion-effects-container > .elementor-motion-effects-layer{background-image:url(\"https:\/\/beneficios.apcf.org.br\/wp-content\/uploads\/2025\/11\/WhatsApp-Image-2025-11-04-at-23.15.44.jpeg\");}<\/style>\t\t<div data-elementor-type=\"loop-item\" data-elementor-id=\"38\" class=\"elementor elementor-38 e-loop-item e-loop-item-27 post-27 post type-post status-publish format-standard has-post-thumbnail hentry category-sem-categoria\" data-elementor-post-type=\"elementor_library\" data-custom-edit-handle=\"1\">\n\t\t\t<a class=\"elementor-element elementor-element-5303a21 e-flex e-con-boxed e-con e-parent\" data-id=\"5303a21\" data-element_type=\"container\" data-settings=\"{&quot;background_background&quot;:&quot;classic&quot;}\" href=\"https:\/\/beneficios.apcf.org.br\/index.php\/2025\/11\/06\/diretoria-da-apcf-recebe-parlamentares-da-comissao-especial-da-pec-da-seguranca-publica\/\">\n\t\t\t\t\t<div class=\"e-con-inner\">\n\t\t\t\t<div class=\"elementor-element elementor-element-484c4b6 elementor-widget elementor-widget-theme-post-title elementor-page-title elementor-widget-heading\" data-id=\"484c4b6\" data-element_type=\"widget\" data-widget_type=\"theme-post-title.default\">\n\t\t\t\t\t<h1 class=\"elementor-heading-title elementor-size-default\">Diretoria da APCF recebe parlamentares da Comiss\u00e3o Especial da PEC da Seguran\u00e7a P\u00fablica<\/h1>\t\t\t\t<\/div>\n\t\t\t\t\t<\/div>\n\t\t\t\t<\/a>\n\t\t\t\t<\/div>\n\t\t\t\t<\/div>\n\t\t\n\t\t\t\t\t\t<\/div>\n\t\t\t\t<\/div>\n\t\t\t\t<\/div>\n\t\t\t\t<\/div>\n\t\t\t\t\t<\/div>\n\t\t\t\t<\/div>\n\t\t\t\t<\/div>\n\t\t","protected":false},"excerpt":{"rendered":"","protected":false},"author":1,"featured_media":0,"parent":0,"menu_order":0,"comment_status":"closed","ping_status":"closed","template":"elementor_header_footer","meta":{"footnotes":""},"class_list":["post-43","page","type-page","status-publish","hentry"],"_links":{"self":[{"href":"https:\/\/beneficios.apcf.org.br\/index.php\/wp-json\/wp\/v2\/pages\/43","targetHints":{"allow":["GET"]}}],"collection":[{"href":"https:\/\/beneficios.apcf.org.br\/index.php\/wp-json\/wp\/v2\/pages"}],"about":[{"href":"https:\/\/beneficios.apcf.org.br\/index.php\/wp-json\/wp\/v2\/types\/page"}],"author":[{"embeddable":true,"href":"https:\/\/beneficios.apcf.org.br\/index.php\/wp-json\/wp\/v2\/users\/1"}],"replies":[{"embeddable":true,"href":"https:\/\/beneficios.apcf.org.br\/index.php\/wp-json\/wp\/v2\/comments?post=43"}],"version-history":[{"count":13,"href":"https:\/\/beneficios.apcf.org.br\/index.php\/wp-json\/wp\/v2\/pages\/43\/revisions"}],"predecessor-version":[{"id":62,"href":"https:\/\/beneficios.apcf.org.br\/index.php\/wp-json\/wp\/v2\/pages\/43\/revisions\/62"}],"wp:attachment":[{"href":"https:\/\/beneficios.apcf.org.br\/index.php\/wp-json\/wp\/v2\/media?parent=43"}],"curies":[{"name":"wp","href":"https:\/\/api.w.org\/{rel}","templated":true}]}}